{"id":18266,"date":"2025-09-11T16:58:46","date_gmt":"2025-09-11T20:58:46","guid":{"rendered":"https:\/\/www.uif.gob.bo\/?page_id=18266"},"modified":"2025-11-17T17:41:52","modified_gmt":"2025-11-17T21:41:52","slug":"que-es-la-uif","status":"publish","type":"page","link":"https:\/\/www.uif.gob.bo\/index.php\/que-es-la-uif\/","title":{"rendered":"\u00bfQU\u00c9 ES LA UIF?"},"content":{"rendered":"\n<div class=\"wp-block-columns is-layout-flex wp-container-core-columns-is-layout-9d6595d7 wp-block-columns-is-layout-flex\">\n<div class=\"wp-block-column has-medium-font-size is-layout-flow wp-block-column-is-layout-flow\">\n<p class=\"has-text-align-left\" style=\"font-size:18px\">La Unidad de Investigaciones Financieras (UIF) es una entidad descentralizada, bajo tuici\u00f3n del&nbsp;<a href=\"https:\/\/www.economiayfinanzas.gob.bo\/\">Ministerio de Econom\u00eda y Finanzas P\u00fablicas<\/a>. Cuenta con autonom\u00eda de gesti\u00f3n administrativa, financiera, legal y t\u00e9cnica. <\/p>\n\n\n\n<p class=\"has-text-align-left\" style=\"font-size:18px\">Fue creada por la&nbsp;<a href=\"https:\/\/www.uif.gob.bo\/docs\/2.2.%20NACIONAL\/LEYES\/Ley%201768.pdf\" target=\"_blank\" rel=\"noreferrer noopener\">Ley N\u00b0 1768 de 10 de marzo de 1997<\/a>, como unidad dependiente de la Superintendencia de Bancos y Entidades Financieras. <\/p>\n<\/div>\n\n\n\n<div class=\"wp-block-column is-layout-flow wp-block-column-is-layout-flow\"><div class=\"wp-block-image\">\n<figure class=\"aligncenter size-full is-resized\"><img fetchpriority=\"high\" decoding=\"async\" width=\"708\" height=\"706\" src=\"https:\/\/www.uif.gob.bo\/wp-content\/uploads\/2025\/09\/Logo-Vertical.png\" alt=\"\" class=\"wp-image-18780\" style=\"width:293px;height:auto\"\/><\/figure>\n<\/div><\/div>\n<\/div>\n\n\n\n<div class=\"wp-block-columns is-layout-flex wp-container-core-columns-is-layout-9d6595d7 wp-block-columns-is-layout-flex\">\n<div class=\"wp-block-column is-layout-flow wp-block-column-is-layout-flow\"><div class=\"wp-block-image\">\n<figure class=\"aligncenter is-resized\"><img decoding=\"async\" src=\"https:\/\/www.uif.gob.bo\/wp-content\/uploads\/2022\/10\/edificio-uif.jpg\" alt=\"\" style=\"width:326px;height:auto\"\/><\/figure>\n<\/div><\/div>\n\n\n\n<div class=\"wp-block-column is-layout-flow wp-block-column-is-layout-flow\">\n<p>Posteriormente, mediante la&nbsp;<a href=\"https:\/\/www.uif.gob.bo\/docs\/2.2.%20NACIONAL\/LEYES\/Ley%20393%20-%20LEY%20DE%20SERVICIOS%20FINANCIEROS.pdf\" target=\"_blank\" rel=\"noreferrer noopener\">Ley N\u00b0 393 de 21 de agosto de 2013<\/a>,&nbsp;se determin\u00f3 su descentralizaci\u00f3n.<\/p>\n\n\n\n<p>La UIF forma parte del Grupo Egmont de unidades de inteligencia financiera y ejerce como enlace entre el Estado Plurinacional de Bolivia y el&nbsp;<a href=\"https:\/\/www.uif.gob.bo\/que-es-el-galifat\/\" target=\"_blank\" rel=\"noreferrer noopener\">Grupo de Acci\u00f3n Financiera de Latinoam\u00e9rica (GAFILAT)<\/a>.<\/p>\n\n\n\n<p>La UIF tambi\u00e9n desempe\u00f1a el rol de Secretar\u00eda T\u00e9cnica del \u00abConsejo Nacional de Lucha contra la Legitimaci\u00f3n de Ganancias Il\u00edcitas y Financiamiento del Terrorismo (Ley N\u00b0 262)\u00bb, entidad responsable del dise\u00f1o de pol\u00edticas p\u00fablicas destinadas a combatir la Legitimaci\u00f3n de Ganancias Il\u00edcitas (LGI) y el Financiamiento del Terrorismo (FT).&nbsp;<\/p>\n<\/div>\n<\/div>\n\n\n\n<p><\/p>\n\n\n\n<p class=\"has-text-align-center has-large-font-size\"><strong>\u00bfQU\u00c9 HACE LA UIF PARA PREVENIR LOS DELITOS DE LGI Y FT?<\/strong><\/p>\n\n\n\n<p class=\"has-text-align-center has-vivid-red-color has-text-color has-link-color wp-elements-2f4e6bd74041e6b656ca9011e2c2f54c\"><strong>GESTIONA, DESARROLLA e IMPLEMENTA:<\/strong><\/p>\n\n\n\n<div class=\"wp-block-columns is-layout-flex wp-container-core-columns-is-layout-9d6595d7 wp-block-columns-is-layout-flex\">\n<div class=\"wp-block-column is-layout-flow wp-block-column-is-layout-flow\">\n<p class=\"has-text-align-center has-black-color has-text-color has-link-color has-small-font-size wp-elements-de3c19aafcbb5a6d05b5773df17ae001\">Proyectos y actualizaci\u00f3n de la normativa relacionada a la lucha contra la LGI, FT Y FPADM.<\/p>\n<\/div>\n\n\n\n<div class=\"wp-block-column is-vertically-aligned-stretch has-small-font-size is-layout-flow wp-block-column-is-layout-flow\">\n<p class=\"has-text-align-center\">An\u00e1lisis estrat\u00e9gico para la identificaci\u00f3n de riesgos en sectores econ\u00f3micos.<\/p>\n<\/div>\n\n\n\n<div class=\"wp-block-column is-layout-flow wp-block-column-is-layout-flow\">\n<p class=\"has-text-align-center has-small-font-size\">Capacitaci\u00f3n y difusi\u00f3n de la tem\u00e1tica y sus consecuencias para la prevenci\u00f3n.<\/p>\n<\/div>\n\n\n\n<div class=\"wp-block-column is-layout-flow wp-block-column-is-layout-flow\">\n<p class=\"has-text-align-center has-small-font-size\">Supervisi\u00f3n a Sujetos Obligados (sin supervisor natural)<\/p>\n<\/div>\n<\/div>\n\n\n\n<div class=\"wp-block-columns is-layout-flex wp-container-core-columns-is-layout-9d6595d7 wp-block-columns-is-layout-flex\">\n<div class=\"wp-block-column is-layout-flow wp-block-column-is-layout-flow\">\n<p class=\"has-text-align-right has-luminous-vivid-orange-color has-text-color has-link-color wp-elements-a6e670817f1e949557174ebf27efc3a0\"><strong>ATIENDE:<\/strong> <\/p>\n<\/div>\n\n\n\n<div class=\"wp-block-column has-luminous-vivid-amber-background-color has-background is-layout-flow wp-block-column-is-layout-flow\">\n<p class=\"has-text-align-center\">Consultas y solicitudes de asesoramiento a Sujetos Obligados<\/p>\n<\/div>\n<\/div>\n\n\n\n<hr class=\"wp-block-separator has-alpha-channel-opacity\"\/>\n\n\n\n<p class=\"has-text-align-center has-vivid-cyan-blue-color has-text-color has-link-color has-medium-font-size wp-elements-c5111eea5c95ff71c055dcec6cba9e49\"><strong>\u00bfQU\u00c9 HACE LA UIF PARA DETECTAR LOS DELITOS DE LGI Y FT?<\/strong><\/p>\n\n\n\n<div class=\"wp-block-columns is-layout-flex wp-container-core-columns-is-layout-9d6595d7 wp-block-columns-is-layout-flex\">\n<div class=\"wp-block-column is-layout-flow wp-block-column-is-layout-flow\">\n<div class=\"wp-block-columns is-layout-flex wp-container-core-columns-is-layout-9d6595d7 wp-block-columns-is-layout-flex\">\n<div class=\"wp-block-column is-layout-flow wp-block-column-is-layout-flow\">\n<p class=\"has-text-align-center has-luminous-vivid-orange-color has-text-color has-link-color wp-elements-244d1773100a083f7548e12d41a38404\"><strong>REALIZA:<\/strong><\/p>\n<\/div>\n\n\n\n<div class=\"wp-block-column has-vivid-cyan-blue-background-color has-background is-layout-flow wp-block-column-is-layout-flow\">\n<p class=\"has-text-align-center has-white-color has-text-color has-link-color wp-elements-45cb84aee9efa06cb65cca0a0bfa7282\">An\u00e1lisis financiero y patrimonial de presuntos casos de LGI, FT y FPADM<\/p>\n<\/div>\n<\/div>\n<\/div>\n\n\n\n<div class=\"wp-block-column is-layout-flow wp-block-column-is-layout-flow\">\n<div class=\"wp-block-columns is-layout-flex wp-container-core-columns-is-layout-9d6595d7 wp-block-columns-is-layout-flex\">\n<div class=\"wp-block-column is-layout-flow wp-block-column-is-layout-flow\">\n<p class=\"has-text-align-right has-luminous-vivid-orange-color has-text-color has-link-color wp-elements-0de2ea3fd0431a422149cd0aecfd7457\"><strong>COMUNICA<\/strong>:<\/p>\n<\/div>\n\n\n\n<div class=\"wp-block-column has-vivid-cyan-blue-background-color has-background is-layout-flow wp-block-column-is-layout-flow\">\n<p class=\"has-text-align-center has-white-color has-text-color has-link-color wp-elements-0d7ac394bfd2546680b4622c7ad37ed9\">Los resultados del an\u00e1lisis financiero a la autoridad competente<\/p>\n<\/div>\n<\/div>\n<\/div>\n<\/div>\n\n\n\n<div class=\"wp-block-columns is-layout-flex wp-container-core-columns-is-layout-9d6595d7 wp-block-columns-is-layout-flex\">\n<div class=\"wp-block-column is-layout-flow wp-block-column-is-layout-flow\">\n<div class=\"wp-block-columns is-layout-flex wp-container-core-columns-is-layout-9d6595d7 wp-block-columns-is-layout-flex\">\n<div class=\"wp-block-column is-layout-flow wp-block-column-is-layout-flow\">\n<p class=\"has-text-align-center has-luminous-vivid-orange-color has-text-color has-link-color wp-elements-8f24c3fc6f3233aa8226674a27baad09\"><strong>EMITE<\/strong>:<\/p>\n<\/div>\n\n\n\n<div class=\"wp-block-column has-vivid-cyan-blue-background-color has-background is-layout-flow wp-block-column-is-layout-flow\">\n<p class=\"has-text-align-center has-white-color has-text-color has-link-color has-medium-font-size wp-elements-4161b12c56379aa6cae41aa8accc87bb\">Reportes de presuntos incumplimientos de Sujetos Obligados<\/p>\n<\/div>\n<\/div>\n<\/div>\n\n\n\n<div class=\"wp-block-column is-layout-flow wp-block-column-is-layout-flow\">\n<div class=\"wp-block-columns is-layout-flex wp-container-core-columns-is-layout-9d6595d7 wp-block-columns-is-layout-flex\">\n<div class=\"wp-block-column has-vivid-cyan-blue-background-color has-background is-layout-flow wp-block-column-is-layout-flow\">\n<p class=\"has-text-align-center has-white-color has-text-color has-link-color has-medium-font-size wp-elements-4045f6014f5eaa460b117f301e726139\">Notas de Oposici\u00f3n para la disposici\u00f3n de bienes.<\/p>\n<\/div>\n\n\n\n<div class=\"wp-block-column has-vivid-cyan-blue-background-color has-background is-layout-flow wp-block-column-is-layout-flow\">\n<p class=\"has-text-align-center has-white-color has-text-color has-link-color has-medium-font-size wp-elements-540d8ecfd1a269d91d26be202e267e1c\">Resoluciones de congelamiento o descongelamiento de cuentas y fondos (Ley 262)<\/p>\n<\/div>\n<\/div>\n<\/div>\n<\/div>\n\n\n\n<p class=\"has-text-align-center\">El trabajo se realiza en coordinaci\u00f3n con las diferentes entidades que luchan contra la LGI y el FT:<\/p>\n\n\n\n<div class=\"wp-block-columns is-layout-flex wp-container-core-columns-is-layout-9d6595d7 wp-block-columns-is-layout-flex\">\n<div class=\"wp-block-column is-layout-flow wp-block-column-is-layout-flow\">\n<figure class=\"wp-block-image is-resized\"><img decoding=\"async\" src=\"https:\/\/www.uif.gob.bo\/wp-content\/uploads\/2022\/09\/DISENO-PAGINA-WEB.png_Pagina_0007_Imagen_0004.png\" alt=\"\" style=\"width:840px;height:auto\"\/><\/figure>\n<\/div>\n<\/div>\n\n\n\n<p>Las funciones y atribuciones asignadas a la&nbsp;<strong>UIF<\/strong>&nbsp;son una parte central del \u00abSistema Antilavado de Dinero\u00bb o \u00abSistema de Lucha contra la Legitimaci\u00f3n de Ganancias Il\u00edcitas y Financiamiento del Terrorismo\u00bb. La lucha contra estos delitos contribuye a la protecci\u00f3n de la econom\u00eda, la estabilidad social y el \u00abVivir Bien\u00bb en armon\u00eda con la Madre Tierra.<\/p>\n\n\n\n<div class=\"wp-block-columns is-layout-flex wp-container-core-columns-is-layout-9d6595d7 wp-block-columns-is-layout-flex\">\n<div class=\"wp-block-column has-pale-cyan-blue-background-color has-background is-layout-flow wp-block-column-is-layout-flow\">\n<p class=\"has-text-align-center\"><em><strong>\u00abTodos Contra El Lavado De Dinero\u00bb<\/strong><\/em><\/p>\n<\/div>\n<\/div>\n","protected":false},"excerpt":{"rendered":"<p>La Unidad de Investigaciones Financieras (UIF) es una entidad descentralizada, bajo tuici\u00f3n del&nbsp;Ministerio de Econom\u00eda y Finanzas P\u00fablicas. Cuenta con autonom\u00eda de gesti\u00f3n administrativa, financiera, legal y t\u00e9cnica. Fue creada por la&nbsp;Ley N\u00b0 1768 de 10 de marzo de 1997, como unidad dependiente de la Superintendencia de Bancos y Entidades Financieras. Posteriormente, mediante la&nbsp;Ley N\u00b0 [&hellip;]<\/p>\n","protected":false},"author":1,"featured_media":0,"parent":0,"menu_order":0,"comment_status":"closed","ping_status":"closed","template":"","meta":{"_acf_changed":false,"footnotes":""},"class_list":["post-18266","page","type-page","status-publish","hentry"],"acf":[],"_links":{"self":[{"href":"https:\/\/www.uif.gob.bo\/index.php\/wp-json\/wp\/v2\/pages\/18266","targetHints":{"allow":["GET"]}}],"collection":[{"href":"https:\/\/www.uif.gob.bo\/index.php\/wp-json\/wp\/v2\/pages"}],"about":[{"href":"https:\/\/www.uif.gob.bo\/index.php\/wp-json\/wp\/v2\/types\/page"}],"author":[{"embeddable":true,"href":"https:\/\/www.uif.gob.bo\/index.php\/wp-json\/wp\/v2\/users\/1"}],"replies":[{"embeddable":true,"href":"https:\/\/www.uif.gob.bo\/index.php\/wp-json\/wp\/v2\/comments?post=18266"}],"version-history":[{"count":13,"href":"https:\/\/www.uif.gob.bo\/index.php\/wp-json\/wp\/v2\/pages\/18266\/revisions"}],"predecessor-version":[{"id":19590,"href":"https:\/\/www.uif.gob.bo\/index.php\/wp-json\/wp\/v2\/pages\/18266\/revisions\/19590"}],"wp:attachment":[{"href":"https:\/\/www.uif.gob.bo\/index.php\/wp-json\/wp\/v2\/media?parent=18266"}],"curies":[{"name":"wp","href":"https:\/\/api.w.org\/{rel}","templated":true}]}}