{"id":18296,"date":"2025-09-11T18:01:39","date_gmt":"2025-09-11T22:01:39","guid":{"rendered":"https:\/\/www.uif.gob.bo\/?page_id=18296"},"modified":"2025-11-18T11:35:08","modified_gmt":"2025-11-18T15:35:08","slug":"nuestro-estado-combate-el-lavado-de-dinero-lgi","status":"publish","type":"page","link":"https:\/\/www.uif.gob.bo\/index.php\/nuestro-estado-combate-el-lavado-de-dinero-lgi\/","title":{"rendered":"\u00bfNUESTRO ESTADO COMBATE LA LEGITIMACI\u00d3N DE GANANCIAS IL\u00cdCITAS (LGI)?"},"content":{"rendered":"\n<div class=\"wp-block-columns is-layout-flex wp-container-core-columns-is-layout-9d6595d7 wp-block-columns-is-layout-flex\">\n<div class=\"wp-block-column is-layout-flow wp-block-column-is-layout-flow\">\n<div class=\"wp-block-columns is-layout-flex wp-container-core-columns-is-layout-9d6595d7 wp-block-columns-is-layout-flex\">\n<div class=\"wp-block-column is-layout-flow wp-block-column-is-layout-flow\">\n<figure class=\"wp-block-image\"><img decoding=\"async\" src=\"https:\/\/www.uif.gob.bo\/wp-content\/uploads\/2022\/09\/image078-1024x616.png\" alt=\"\"\/><\/figure>\n<\/div>\n<\/div>\n<\/div>\n<\/div>\n\n\n\n<p class=\"has-text-align-center has-medium-font-size\"><strong>M\u00e1s de\u00a0200\u00a0pa\u00edses luchan contra el Lavado de Dinero<\/strong><\/p>\n\n\n\n<div class=\"wp-block-columns is-layout-flex wp-container-core-columns-is-layout-9d6595d7 wp-block-columns-is-layout-flex\">\n<div class=\"wp-block-column is-layout-flow wp-block-column-is-layout-flow\">\n<figure class=\"wp-block-image\"><img decoding=\"async\" src=\"https:\/\/www.uif.gob.bo\/wp-content\/uploads\/2022\/09\/DISENO-PAGINA-WEB.png_Pagina_0005_Imagen_0007.png\" alt=\"\"\/><\/figure>\n<\/div>\n<\/div>\n\n\n\n<p class=\"has-medium-font-size\">Esta lucha se efect\u00faa en base a&nbsp;<strong>EST\u00c1NDARES&nbsp;INTERNACIONALES<\/strong>&nbsp;emitidos por:<\/p>\n\n\n\n<div class=\"wp-block-columns is-layout-flex wp-container-core-columns-is-layout-9d6595d7 wp-block-columns-is-layout-flex\">\n<div class=\"wp-block-column is-layout-flow wp-block-column-is-layout-flow\">\n<figure class=\"wp-block-image\"><img decoding=\"async\" src=\"https:\/\/www.uif.gob.bo\/wp-content\/uploads\/2022\/09\/DISENO-PAGINA-WEB.png_Pagina_0001_Imagen_0006.png\" alt=\"\"\/><\/figure>\n<\/div>\n\n\n\n<div class=\"wp-block-column is-layout-flow wp-block-column-is-layout-flow\">\n<figure class=\"wp-block-image is-resized\"><img decoding=\"async\" src=\"https:\/\/www.uif.gob.bo\/wp-content\/uploads\/2022\/09\/DISENO-PAGINA-WEB.png_Pagina_0001_Imagen_0005.png\" alt=\"\" style=\"width:153px;height:auto\"\/><\/figure>\n<\/div>\n\n\n\n<div class=\"wp-block-column is-layout-flow wp-block-column-is-layout-flow\">\n<figure class=\"wp-block-image is-resized\"><img decoding=\"async\" src=\"https:\/\/www.uif.gob.bo\/wp-content\/uploads\/2022\/09\/DISENO-PAGINA-WEB.png_Pagina_0001_Imagen_0004.png\" alt=\"\" style=\"width:183px;height:auto\"\/><\/figure>\n<\/div>\n\n\n\n<div class=\"wp-block-column is-layout-flow wp-block-column-is-layout-flow\">\n<figure class=\"wp-block-image\"><img decoding=\"async\" src=\"https:\/\/www.uif.gob.bo\/wp-content\/uploads\/2022\/09\/image087.png\" alt=\"\"\/><\/figure>\n\n\n\n<p class=\"has-text-align-center has-small-font-size\"><strong>GELAVEX<\/strong><br>Grupo de Expertos para el Control del Lavado de Activos<\/p>\n<\/div>\n<\/div>\n\n\n\n<p>A los cuales el Estado Plurinacional de Bolivia se encuentra adscrito.<\/p>\n\n\n<div class=\"wp-block-image\">\n<figure class=\"aligncenter\"><img decoding=\"async\" src=\"https:\/\/www.uif.gob.bo\/wp-content\/uploads\/2024\/01\/Escudo-de-Bolivia-150x150.png\" alt=\"\" class=\"wp-image-8184\"\/><\/figure>\n<\/div>\n\n\n<div class=\"wp-block-columns is-layout-flex wp-container-core-columns-is-layout-9d6595d7 wp-block-columns-is-layout-flex\">\n<div class=\"wp-block-column is-layout-flow wp-block-column-is-layout-flow\"><\/div>\n<\/div>\n","protected":false},"excerpt":{"rendered":"<p>M\u00e1s de\u00a0200\u00a0pa\u00edses luchan contra el Lavado de Dinero Esta lucha se efect\u00faa en base a&nbsp;EST\u00c1NDARES&nbsp;INTERNACIONALES&nbsp;emitidos por: GELAVEXGrupo de Expertos para el Control del Lavado de Activos A los cuales el Estado Plurinacional de Bolivia se encuentra adscrito.<\/p>\n","protected":false},"author":1,"featured_media":0,"parent":0,"menu_order":0,"comment_status":"closed","ping_status":"closed","template":"","meta":{"_acf_changed":false,"footnotes":""},"class_list":["post-18296","page","type-page","status-publish","hentry"],"acf":[],"_links":{"self":[{"href":"https:\/\/www.uif.gob.bo\/index.php\/wp-json\/wp\/v2\/pages\/18296","targetHints":{"allow":["GET"]}}],"collection":[{"href":"https:\/\/www.uif.gob.bo\/index.php\/wp-json\/wp\/v2\/pages"}],"about":[{"href":"https:\/\/www.uif.gob.bo\/index.php\/wp-json\/wp\/v2\/types\/page"}],"author":[{"embeddable":true,"href":"https:\/\/www.uif.gob.bo\/index.php\/wp-json\/wp\/v2\/users\/1"}],"replies":[{"embeddable":true,"href":"https:\/\/www.uif.gob.bo\/index.php\/wp-json\/wp\/v2\/comments?post=18296"}],"version-history":[{"count":4,"href":"https:\/\/www.uif.gob.bo\/index.php\/wp-json\/wp\/v2\/pages\/18296\/revisions"}],"predecessor-version":[{"id":19598,"href":"https:\/\/www.uif.gob.bo\/index.php\/wp-json\/wp\/v2\/pages\/18296\/revisions\/19598"}],"wp:attachment":[{"href":"https:\/\/www.uif.gob.bo\/index.php\/wp-json\/wp\/v2\/media?parent=18296"}],"curies":[{"name":"wp","href":"https:\/\/api.w.org\/{rel}","templated":true}]}}