{"id":18304,"date":"2025-09-11T18:16:04","date_gmt":"2025-09-11T22:16:04","guid":{"rendered":"https:\/\/www.uif.gob.bo\/?page_id=18304"},"modified":"2026-02-11T14:22:43","modified_gmt":"2026-02-11T18:22:43","slug":"que-es-el-gafi","status":"publish","type":"page","link":"https:\/\/www.uif.gob.bo\/index.php\/que-es-el-gafi\/","title":{"rendered":"\u00bfQU\u00c9 ES EL GAFI?"},"content":{"rendered":"\t\t<div data-elementor-type=\"wp-page\" data-elementor-id=\"18304\" class=\"elementor elementor-18304\">\n\t\t\t\t<div class=\"elementor-element elementor-element-5d547886 e-flex e-con-boxed e-con e-parent\" data-id=\"5d547886\" data-element_type=\"container\">\n\t\t\t\t\t<div class=\"e-con-inner\">\n\t\t\t\t<div class=\"elementor-element elementor-element-b9ffed9 elementor-widget elementor-widget-text-editor\" data-id=\"b9ffed9\" data-element_type=\"widget\" data-widget_type=\"text-editor.default\">\n\t\t\t\t<div class=\"elementor-widget-container\">\n\t\t\t\t\t\t\t\t\t<div class=\"wp-block-columns\"><p><\/p><div class=\"wp-block-column is-layout-flow wp-block-column-is-layout-flow\" style=\"flex-basis: 66.66%;\"><p><\/p><p class=\"has-small-font-size\">El Grupo de Acci\u00f3n Financiera Internacional (GAFI), tambi\u00e9n conocido como Grupo de Acci\u00f3n Financiera Internacional (FATF, por sus siglas en ingl\u00e9s), es una organizaci\u00f3n intergubernamental que genera normas o est\u00e1ndares internacionales contra el Lavado de Dinero y el Financiamiento del Terrorismo.<\/p><p><\/p><p class=\"has-small-font-size\">En ese marco, se desarroll\u00f3 las\u00a0<a href=\"https:\/\/www.gafilat.org\/index.php\/es\/biblioteca-virtual\/gafilat\/documentos-de-interes-17\/publicaciones-web\/4692-recomendaciones-metodologia-actdic2023\/file\" target=\"_blank\" rel=\"noreferrer noopener\">\u00abRecomendaciones del GAFI\u00bb o los \u00abEst\u00e1ndares del GAFI\u00bb<\/a>, para asegurar una respuesta global al crimen organizado, la corrupci\u00f3n, el terrorismo, trata y tr\u00e1fico de personas, narcotr\u00e1fico y otros delitos.<\/p><p><\/p><p class=\"has-small-font-size\">Actualmente, los est\u00e1ndares internacionales se implementan en m\u00e1s de 200 pa\u00edses.<\/p><p><\/p><\/div><p><\/p><div class=\"wp-block-column is-layout-flow wp-block-column-is-layout-flow\" style=\"flex-basis: 33.33%;\"><p><\/p><figure class=\"wp-block-image is-resized\"><img decoding=\"async\" style=\"width: 277px; height: auto;\" src=\"https:\/\/www.uif.gob.bo\/wp-content\/uploads\/2022\/09\/DISENO-PAGINA-WEB.png_Pagina_0001_Imagen_0006.png\" alt=\"\" \/><\/figure><p><\/p><\/div><p><\/p><\/div><p><!-- \/wp:columns --><!-- wp:columns --><\/p><div class=\"wp-block-columns\"><p><!-- wp:column --><\/p><div class=\"wp-block-column\"><p><!-- wp:image --><\/p><figure class=\"wp-block-image\"><img decoding=\"async\" src=\"https:\/\/www.uif.gob.bo\/wp-content\/uploads\/2022\/09\/DISENO-PAGINA-WEB.png_Pagina_0005_Imagen_0007.png\" alt=\"\" \/><\/figure><p><!-- \/wp:image --><\/p><\/div><p><!-- \/wp:column --><\/p><\/div><p><!-- \/wp:columns --><!-- wp:paragraph --><\/p><p>Constantemente el GAFI fortalece los est\u00e1ndares internacionales para abordar nuevos riesgos, como la regulaci\u00f3n de activos virtuales.<\/p><p><!-- \/wp:paragraph --><!-- wp:paragraph --><\/p><p><strong>M\u00c1S INFORMACI\u00d3N EN:\u00a0<\/strong><\/p><p><!-- \/wp:paragraph --><!-- wp:embed {\"url\":\"https:\/\/www.fatf-gafi.org\"} --><\/p><figure class=\"wp-block-embed\"><div class=\"wp-block-embed__wrapper\">https:\/\/www.fatf-gafi.org<\/div><\/figure><p><!-- \/wp:embed --><!-- wp:columns --><\/p><div class=\"wp-block-columns\"><p><!-- wp:column --><\/p><div class=\"wp-block-column\"><p><!-- wp:image {\"id\":8184,\"align\":\"center\"} --><\/p><figure class=\"wp-block-image aligncenter\"><img decoding=\"async\" class=\"wp-image-8184\" src=\"https:\/\/www.uif.gob.bo\/wp-content\/uploads\/2024\/01\/Escudo-de-Bolivia-150x150.png\" alt=\"\" \/><\/figure><p><!-- \/wp:image --><\/p><\/div><p><!-- \/wp:column --><\/p><\/div><p><!-- \/wp:columns --><\/p>\t\t\t\t\t\t\t\t<\/div>\n\t\t\t\t<\/div>\n\t\t\t\t\t<\/div>\n\t\t\t\t<\/div>\n\t\t<div class=\"elementor-element elementor-element-c2869ef e-flex e-con-boxed e-con e-parent\" data-id=\"c2869ef\" data-element_type=\"container\">\n\t\t\t\t\t<div class=\"e-con-inner\">\n\t\t\t\t\t<\/div>\n\t\t\t\t<\/div>\n\t\t\t\t<\/div>\n\t\t","protected":false},"excerpt":{"rendered":"<p>El Grupo de Acci\u00f3n Financiera Internacional (GAFI), tambi\u00e9n conocido como Grupo de Acci\u00f3n Financiera Internacional (FATF, por sus siglas en ingl\u00e9s), es una organizaci\u00f3n intergubernamental que genera normas o est\u00e1ndares internacionales contra el Lavado de Dinero y el Financiamiento del Terrorismo. En ese marco, se desarroll\u00f3 las\u00a0\u00abRecomendaciones del GAFI\u00bb o los \u00abEst\u00e1ndares del GAFI\u00bb, para [&hellip;]<\/p>\n","protected":false},"author":1,"featured_media":0,"parent":0,"menu_order":0,"comment_status":"closed","ping_status":"closed","template":"","meta":{"_acf_changed":false,"footnotes":""},"class_list":["post-18304","page","type-page","status-publish","hentry"],"acf":[],"_links":{"self":[{"href":"https:\/\/www.uif.gob.bo\/index.php\/wp-json\/wp\/v2\/pages\/18304","targetHints":{"allow":["GET"]}}],"collection":[{"href":"https:\/\/www.uif.gob.bo\/index.php\/wp-json\/wp\/v2\/pages"}],"about":[{"href":"https:\/\/www.uif.gob.bo\/index.php\/wp-json\/wp\/v2\/types\/page"}],"author":[{"embeddable":true,"href":"https:\/\/www.uif.gob.bo\/index.php\/wp-json\/wp\/v2\/users\/1"}],"replies":[{"embeddable":true,"href":"https:\/\/www.uif.gob.bo\/index.php\/wp-json\/wp\/v2\/comments?post=18304"}],"version-history":[{"count":10,"href":"https:\/\/www.uif.gob.bo\/index.php\/wp-json\/wp\/v2\/pages\/18304\/revisions"}],"predecessor-version":[{"id":19705,"href":"https:\/\/www.uif.gob.bo\/index.php\/wp-json\/wp\/v2\/pages\/18304\/revisions\/19705"}],"wp:attachment":[{"href":"https:\/\/www.uif.gob.bo\/index.php\/wp-json\/wp\/v2\/media?parent=18304"}],"curies":[{"name":"wp","href":"https:\/\/api.w.org\/{rel}","templated":true}]}}