{"id":18309,"date":"2025-09-12T09:34:28","date_gmt":"2025-09-12T13:34:28","guid":{"rendered":"https:\/\/www.uif.gob.bo\/?page_id=18309"},"modified":"2025-11-18T11:48:05","modified_gmt":"2025-11-18T15:48:05","slug":"que-es-el-gafilat","status":"publish","type":"page","link":"https:\/\/www.uif.gob.bo\/index.php\/que-es-el-gafilat\/","title":{"rendered":"\u00bfQU\u00c9 ES EL GAFILAT?"},"content":{"rendered":"\n<div class=\"wp-block-columns is-layout-flex wp-container-core-columns-is-layout-9d6595d7 wp-block-columns-is-layout-flex\">\n<div class=\"wp-block-column is-layout-flow wp-block-column-is-layout-flow\" style=\"flex-basis:33.33%\">\n<figure class=\"wp-block-image is-resized\"><img decoding=\"async\" src=\"https:\/\/www.uif.gob.bo\/wp-content\/uploads\/2022\/11\/GAFILAT.jpg\" alt=\"\" style=\"width:235px;height:auto\"\/><\/figure>\n<\/div>\n\n\n\n<div class=\"wp-block-column is-layout-flow wp-block-column-is-layout-flow\" style=\"flex-basis:66.66%\">\n<p>El Grupo de Acci\u00f3n Financiera de Latinoam\u00e9rica (GAFILAT) es una organizaci\u00f3n intergubernamental de base regional que agrupa a 18 pa\u00edses de Am\u00e9rica del Sur, Centroam\u00e9rica y Am\u00e9rica del Norte.<\/p>\n\n\n\n<p>El GAFILAT es uno de los grupos regionales del GAFI (Grupo de Acci\u00f3n Financiera) y est\u00e1 conformado por Argentina, Bolivia, Brasil, Chile, Colombia, Costa Rica, Cuba, Ecuador, El Salvador, Guatemala, Honduras, M\u00e9xico, Nicaragua, Panam\u00e1, Paraguay, Per\u00fa, Rep\u00fablica Dominicana y Uruguay.<\/p>\n<\/div>\n<\/div>\n\n\n\n<p>El GAFILAT fue creado para prevenir y combatir el Lavado de Activos, Financiamiento del Terrorismo y el Financiamiento de la Proliferaci\u00f3n de Armas de Destrucci\u00f3n Masiva, a trav\u00e9s del compromiso de mejora continua de las pol\u00edticas nacionales contra estos flagelos y la profundizaci\u00f3n en los distintos mecanismos de cooperaci\u00f3n entre los pa\u00edses miembros.<\/p>\n\n\n\n<p class=\"has-large-font-size\"><strong>DOCUMENTACI\u00d3N DE INTER\u00c9S<\/strong><\/p>\n\n\n\n<div class=\"wp-block-columns is-layout-flex wp-container-core-columns-is-layout-9d6595d7 wp-block-columns-is-layout-flex\">\n<div class=\"wp-block-column is-layout-flow wp-block-column-is-layout-flow\"><div class=\"wp-block-image\">\n<figure class=\"alignleft\"><a href=\"https:\/\/biblioteca.gafilat.org\/wp-content\/uploads\/2024\/04\/Gui%CC%81a-sobre-aspectos-relevantes-y-pasos-apropiados-para-la-investigacio%CC%81n-identificacio%CC%81n-incautacio%CC%81n-y-decomiso-de-AV.pdf\"><img decoding=\"async\" src=\"https:\/\/www.uif.gob.bo\/wp-content\/uploads\/2022\/12\/Guia-activos-virtuales.jpg\" alt=\"\"\/><\/a><\/figure>\n<\/div><\/div>\n\n\n\n<div class=\"wp-block-column is-layout-flow wp-block-column-is-layout-flow\"><div class=\"wp-block-image\">\n<figure class=\"alignleft is-resized\"><a href=\"https:\/\/biblioteca.gafilat.org\/wp-content\/uploads\/2024\/04\/Documento-de-buenas-practicas-en-normatividad-CFT-y-monitoreo-del-sector-OSFL-REV-1.pdf\"><img decoding=\"async\" src=\"https:\/\/www.uif.gob.bo\/wp-content\/uploads\/2022\/09\/DISENO-PAGINA-WEB.png_Pagina_0001_Imagen_0005.png\" alt=\"\" style=\"width:203px;height:auto\"\/><\/a><\/figure>\n<\/div><\/div>\n\n\n\n<div class=\"wp-block-column is-layout-flow wp-block-column-is-layout-flow\"><div class=\"wp-block-image\">\n<figure class=\"alignleft\"><a href=\"https:\/\/biblioteca.gafilat.org\/wp-content\/uploads\/2024\/04\/Fortalecimiento-del-abordaje-afectivo-de-la-mineria-ilegal-como-amenaza-emergente-de-LA-en-la-region.pdf\"><img decoding=\"async\" src=\"https:\/\/www.uif.gob.bo\/wp-content\/uploads\/2022\/12\/Abordaje-efectivo-mineria-ilegal.jpg\" alt=\"\"\/><\/a><\/figure>\n<\/div><\/div>\n\n\n\n<div class=\"wp-block-column is-layout-flow wp-block-column-is-layout-flow\"><div class=\"wp-block-image\">\n<figure class=\"alignleft is-resized\"><a href=\"https:\/\/biblioteca.gafilat.org\/wp-content\/uploads\/2024\/04\/Guia-para-la-construccion-de-Matriz-de-Riesgo-para-APNFD.pdf\"><img decoding=\"async\" src=\"https:\/\/www.uif.gob.bo\/wp-content\/uploads\/2022\/12\/Buenas-practicas-APFND.jpg\" alt=\"\" style=\"width:185px;height:auto\"\/><\/a><\/figure>\n<\/div><\/div>\n<\/div>\n\n\n\n<div class=\"wp-block-columns is-layout-flex wp-container-core-columns-is-layout-9d6595d7 wp-block-columns-is-layout-flex\">\n<div class=\"wp-block-column is-layout-flow wp-block-column-is-layout-flow\">\n<p class=\"has-small-font-size\">Guia sobre aspectos relevantes y pasos apropiados para la investigacion, identificacion, incautacion y decomiso de activos virtuales<\/p>\n<\/div>\n\n\n\n<div class=\"wp-block-column is-layout-flow wp-block-column-is-layout-flow\">\n<p class=\"has-small-font-size\">Documento sobre buenas pr\u00e1cticas sobre normatividad CFT y monitoreo del sector de OSFL<\/p>\n<\/div>\n\n\n\n<div class=\"wp-block-column is-layout-flow wp-block-column-is-layout-flow\">\n<p class=\"has-small-font-size\">Fortalecimiento del abordaje efectiva de la miner\u00eda<br>ilegal como amenaza emergente lavado de activos en la regi\u00f3n <\/p>\n<\/div>\n\n\n\n<div class=\"wp-block-column is-layout-flow wp-block-column-is-layout-flow\">\n<p class=\"has-small-font-size\">Gu\u00eda dirigida al sector de APNFD, para la construcci\u00f3n de una matriz de riesgos en prevenci\u00f3n del lavado de activos y financiamiento al terrorismo (LA\/FT) Diciembre, 2022<\/p>\n<\/div>\n<\/div>\n\n\n\n<div class=\"wp-block-columns is-layout-flex wp-container-core-columns-is-layout-9d6595d7 wp-block-columns-is-layout-flex\">\n<div class=\"wp-block-column is-layout-flow wp-block-column-is-layout-flow\">\n<figure class=\"wp-block-image is-resized\"><a href=\"https:\/\/biblioteca.gafilat.org\/wp-content\/uploads\/2024\/04\/Mejores-Practicas-sobre-Beneficiarios-finales-para-Personas-Juridicas.pdf\"><img decoding=\"async\" src=\"https:\/\/www.uif.gob.bo\/wp-content\/uploads\/2022\/12\/Mejores-practicas-sobre-beneficiarios-finales-para-personas-juridicas.jpg\" alt=\"\" style=\"width:170px;height:auto\"\/><\/a><\/figure>\n<\/div>\n\n\n\n<div class=\"wp-block-column is-layout-flow wp-block-column-is-layout-flow\">\n<figure class=\"wp-block-image is-resized\"><a href=\"https:\/\/www.fatf-gafi.org\/content\/dam\/fatf-gafi\/guidance\/BPP-Combating-TF-Abuse-NPO-R8.pdf.coredownload.inline.pdf\"><img decoding=\"async\" src=\"https:\/\/www.uif.gob.bo\/wp-content\/uploads\/2022\/12\/Mejores-practicas-lucha-contra-el-abuso-de-OSL.jpg\" alt=\"\" style=\"width:168px;height:auto\"\/><\/a><\/figure>\n<\/div>\n\n\n\n<div class=\"wp-block-column is-layout-flow wp-block-column-is-layout-flow\">\n<figure class=\"wp-block-image is-resized\"><a href=\"https:\/\/biblioteca.gafilat.org\/wp-content\/uploads\/2024\/04\/Buenas-practicas-y-desafios-sobre-diseminacion-y-uso-apropiado-de-los-IIF.pdf\"><img decoding=\"async\" src=\"https:\/\/www.uif.gob.bo\/wp-content\/uploads\/2022\/12\/Buenas-practicas-y-desafios-informes-de-inteligencia-UIF.jpg\" alt=\"\" style=\"width:183px;height:auto\"\/><\/a><\/figure>\n<\/div>\n<\/div>\n\n\n\n<div class=\"wp-block-columns is-layout-flex wp-container-core-columns-is-layout-9d6595d7 wp-block-columns-is-layout-flex\">\n<div class=\"wp-block-column is-layout-flow wp-block-column-is-layout-flow\">\n<p class=\"has-small-font-size\">Mejores practicas sobre beneficiarios finales para personas jur\u00eddicas<\/p>\n<\/div>\n\n\n\n<div class=\"wp-block-column is-layout-flow wp-block-column-is-layout-flow\">\n<p class=\"has-small-font-size\">Combating the terrorist<br>fiancing abuse of  Non-Profit Organisations <\/p>\n<\/div>\n\n\n\n<div class=\"wp-block-column is-layout-flow wp-block-column-is-layout-flow\">\n<p class=\"has-small-font-size\">Buenas pr\u00e1cticas y desaf\u00edos existentes en los<br>pa\u00edses del GAFILAT respecto ael formato, diseminaci\u00f3n y uso adecuado de los informes de inteligencia financiera de las UIF por parte<br>de las autoridades de orden p\u00fablico<\/p>\n<\/div>\n<\/div>\n\n\n\n<p class=\"has-large-font-size\"><strong>ENLACES DE INTER\u00c9S<\/strong><\/p>\n\n\n\n<div class=\"wp-block-buttons is-layout-flex wp-block-buttons-is-layout-flex\">\n<div class=\"wp-block-button\"><a class=\"wp-block-button__link has-luminous-vivid-orange-background-color has-background wp-element-button\" href=\"https:\/\/campus.gafilat.org\/login\/index.php\">CAMPUS GAFILAT<\/a><\/div>\n<\/div>\n","protected":false},"excerpt":{"rendered":"<p>El Grupo de Acci\u00f3n Financiera de Latinoam\u00e9rica (GAFILAT) es una organizaci\u00f3n intergubernamental de base regional que agrupa a 18 pa\u00edses de Am\u00e9rica del Sur, Centroam\u00e9rica y Am\u00e9rica del Norte. El GAFILAT es uno de los grupos regionales del GAFI (Grupo de Acci\u00f3n Financiera) y est\u00e1 conformado por Argentina, Bolivia, Brasil, Chile, Colombia, Costa Rica, Cuba, [&hellip;]<\/p>\n","protected":false},"author":1,"featured_media":0,"parent":0,"menu_order":0,"comment_status":"closed","ping_status":"closed","template":"","meta":{"_acf_changed":false,"footnotes":""},"class_list":["post-18309","page","type-page","status-publish","hentry"],"acf":[],"_links":{"self":[{"href":"https:\/\/www.uif.gob.bo\/index.php\/wp-json\/wp\/v2\/pages\/18309","targetHints":{"allow":["GET"]}}],"collection":[{"href":"https:\/\/www.uif.gob.bo\/index.php\/wp-json\/wp\/v2\/pages"}],"about":[{"href":"https:\/\/www.uif.gob.bo\/index.php\/wp-json\/wp\/v2\/types\/page"}],"author":[{"embeddable":true,"href":"https:\/\/www.uif.gob.bo\/index.php\/wp-json\/wp\/v2\/users\/1"}],"replies":[{"embeddable":true,"href":"https:\/\/www.uif.gob.bo\/index.php\/wp-json\/wp\/v2\/comments?post=18309"}],"version-history":[{"count":16,"href":"https:\/\/www.uif.gob.bo\/index.php\/wp-json\/wp\/v2\/pages\/18309\/revisions"}],"predecessor-version":[{"id":19605,"href":"https:\/\/www.uif.gob.bo\/index.php\/wp-json\/wp\/v2\/pages\/18309\/revisions\/19605"}],"wp:attachment":[{"href":"https:\/\/www.uif.gob.bo\/index.php\/wp-json\/wp\/v2\/media?parent=18309"}],"curies":[{"name":"wp","href":"https:\/\/api.w.org\/{rel}","templated":true}]}}