{"id":19619,"date":"2025-11-20T15:37:32","date_gmt":"2025-11-20T19:37:32","guid":{"rendered":"https:\/\/www.uif.gob.bo\/?page_id=19619"},"modified":"2025-11-21T09:10:44","modified_gmt":"2025-11-21T13:10:44","slug":"organismos-internacionales-2","status":"publish","type":"page","link":"https:\/\/www.uif.gob.bo\/index.php\/organismos-internacionales-2\/","title":{"rendered":"ORGANISMOS INTERNACIONALES"},"content":{"rendered":"\n<figure class=\"wp-block-table is-style-stripes\"><table class=\"has-black-color has-white-background-color has-text-color has-background has-link-color has-fixed-layout\"><thead><tr><th>ENTIDAD<\/th><th>NOMBRE<\/th><th>URL<\/th><\/tr><\/thead><tbody><tr><td>GAFI\/ FATF<\/td><td>Grupo de Acci\u00f3n Financiera<\/td><td><a href=\"https:\/\/www.fatf-gafi.org\/\" target=\"_blank\" rel=\"noreferrer noopener\">GAFILAT<\/a><\/td><\/tr><tr><td>GAFILAT<\/td><td>Grupo de Acci\u00f3n Financiera de Latinoam\u00e9rica<\/td><td><a href=\"https:\/\/www.gafilat.org\/index.php\/es\/\" target=\"_blank\" rel=\"noreferrer noopener\">https:\/\/www.gafilat.org\/index.php\/es\/<\/a><\/td><\/tr><tr><td>GAFIC<\/td><td>Grupo de Acci\u00f3n Financiera del Caribe<\/td><td><a href=\"https:\/\/www.cfatf-gafic.org\/es\/\" target=\"_blank\" rel=\"noreferrer noopener\">https:\/\/www.cfatf-gafic.org\/es\/<\/a><\/td><\/tr><tr><td>&nbsp;GABAC<\/td><td>Groupe d&#8217;Action contre le blanchiment d&#8217;Argent en Afrique Centrale<\/td><td><a href=\"https:\/\/gabac.org\/\" target=\"_blank\" rel=\"noreferrer noopener\">https:\/\/gabac.org\/<\/a><\/td><\/tr><tr><td>MENAFATF<\/td><td>Eastern and Southern Africa Anti-Money Laundering Group<\/td><td><a href=\"https:\/\/www.esaamlg.org\/\" target=\"_blank\" rel=\"noreferrer noopener\">https:\/\/www.esaamlg.org\/<\/a><\/td><\/tr><tr><td>APGML<\/td><td>Asia\/ Pacific Group on Money Laundering<\/td><td><a href=\"https:\/\/apgml.org\/\" target=\"_blank\" rel=\"noreferrer noopener\">https:\/\/apgml.org\/<\/a><\/td><\/tr><tr><td>EAG<\/td><td>The Eurasian Group on Combating Money Laundering and Financing of Terrorism<\/td><td><a href=\"https:\/\/eurasiangroup.org\/en\" target=\"_blank\" rel=\"noreferrer noopener\">https:\/\/eurasiangroup.org\/en<\/a><\/td><\/tr><tr><td>EGMONT<\/td><td>Grupo Egmont de Unidades de Inteligencia Financiera<\/td><td><a href=\"https:\/\/egmontgroup.org\/\" target=\"_blank\" rel=\"noreferrer noopener\">https:\/\/egmontgroup.org\/<\/a><\/td><\/tr><tr><td>GIABA<\/td><td>Inter Governmental Action Group against Money Laundering in West Africa<\/td><td><a href=\"https:\/\/www.giaba.org\/\" target=\"_blank\" rel=\"noreferrer noopener\">https:\/\/www.giaba.org\/<\/a><\/td><\/tr><\/tbody><\/table><\/figure>\n\n\n\n<p><\/p>\n","protected":false},"excerpt":{"rendered":"<p>ENTIDAD NOMBRE URL GAFI\/ FATF Grupo de Acci\u00f3n Financiera GAFILAT GAFILAT Grupo de Acci\u00f3n Financiera de Latinoam\u00e9rica https:\/\/www.gafilat.org\/index.php\/es\/ GAFIC Grupo de Acci\u00f3n Financiera del Caribe https:\/\/www.cfatf-gafic.org\/es\/ &nbsp;GABAC Groupe d&#8217;Action contre le blanchiment d&#8217;Argent en Afrique Centrale https:\/\/gabac.org\/ MENAFATF Eastern and Southern Africa Anti-Money Laundering Group https:\/\/www.esaamlg.org\/ APGML Asia\/ Pacific Group on Money Laundering https:\/\/apgml.org\/ EAG [&hellip;]<\/p>\n","protected":false},"author":1,"featured_media":0,"parent":0,"menu_order":0,"comment_status":"closed","ping_status":"closed","template":"","meta":{"_acf_changed":false,"footnotes":""},"class_list":["post-19619","page","type-page","status-publish","hentry"],"acf":[],"_links":{"self":[{"href":"https:\/\/www.uif.gob.bo\/index.php\/wp-json\/wp\/v2\/pages\/19619","targetHints":{"allow":["GET"]}}],"collection":[{"href":"https:\/\/www.uif.gob.bo\/index.php\/wp-json\/wp\/v2\/pages"}],"about":[{"href":"https:\/\/www.uif.gob.bo\/index.php\/wp-json\/wp\/v2\/types\/page"}],"author":[{"embeddable":true,"href":"https:\/\/www.uif.gob.bo\/index.php\/wp-json\/wp\/v2\/users\/1"}],"replies":[{"embeddable":true,"href":"https:\/\/www.uif.gob.bo\/index.php\/wp-json\/wp\/v2\/comments?post=19619"}],"version-history":[{"count":2,"href":"https:\/\/www.uif.gob.bo\/index.php\/wp-json\/wp\/v2\/pages\/19619\/revisions"}],"predecessor-version":[{"id":19633,"href":"https:\/\/www.uif.gob.bo\/index.php\/wp-json\/wp\/v2\/pages\/19619\/revisions\/19633"}],"wp:attachment":[{"href":"https:\/\/www.uif.gob.bo\/index.php\/wp-json\/wp\/v2\/media?parent=19619"}],"curies":[{"name":"wp","href":"https:\/\/api.w.org\/{rel}","templated":true}]}}