{"id":309,"date":"2024-04-05T21:30:25","date_gmt":"2024-04-05T19:30:25","guid":{"rendered":"https:\/\/www.uif.gob.bo\/?page_id=309"},"modified":"2025-09-15T08:56:03","modified_gmt":"2025-09-15T12:56:03","slug":"declaracion-de-la-mision-vision-valores-y-principios-de-la-entidad","status":"publish","type":"page","link":"https:\/\/www.uif.gob.bo\/index.php\/declaracion-de-la-mision-vision-valores-y-principios-de-la-entidad\/","title":{"rendered":"Misi\u00f3n, Visi\u00f3n, Valores y Principios"},"content":{"rendered":"\n<p><\/p>\n\n\n\n<h2 class=\"wp-block-heading has-x-large-font-size\">Misi\u00f3n<\/h2>\n\n\n\n<p class=\"has-text-align-left\">Somos una entidad p\u00fablica descentralizada y especializada en la Lucha contra la LGI, FT y FPADM, encargada de\u00a0<strong>Prevenir<\/strong>\u00a0y\u00a0<strong>Detectar<\/strong>\u00a0a trav\u00e9s de la emisi\u00f3n de normas, an\u00e1lisis estrat\u00e9gico e inteligencia financiera y patrimonial con innovaci\u00f3n tecnol\u00f3gica para\u00a0<strong>contribuir, preservar y proteger la estabilidad del sistema econ\u00f3mico, financiero y social del Estado Plurinacional de Bolivia<\/strong>.<\/p>\n\n\n\n<p><\/p>\n\n\n\n<h2 class=\"wp-block-heading has-x-large-font-size\">Visi\u00f3n<\/h2>\n\n\n\n<p>Al 2025, la UIF de Bolivia es una entidad altamente especializada con desarrollo tecnol\u00f3gico, que se constituye en referente nacional e internacional en la lucha contra la LGI, FT y FPADM con acciones eficientes, eficaces y transparentes.<\/p>\n\n\n\n<h5 class=\"wp-block-heading has-x-large-font-size\">Valores:<\/h5>\n\n\n\n<ul class=\"wp-block-list\">\n<li>Respeto<\/li>\n\n\n\n<li>Unidad<\/li>\n\n\n\n<li>Igualdad<\/li>\n\n\n\n<li>Equidad<\/li>\n\n\n\n<li>Armon\u00eda<\/li>\n\n\n\n<li>Dignidad<\/li>\n<\/ul>\n\n\n\n<h2 class=\"wp-block-heading has-x-large-font-size\">Principios:<\/h2>\n\n\n\n<ul class=\"wp-block-list\">\n<li>\u00c9tica<\/li>\n\n\n\n<li>Responsabilidad<\/li>\n\n\n\n<li class=\"has-medium-font-size\">Compromiso<\/li>\n\n\n\n<li>Honestidad<\/li>\n\n\n\n<li>Transparencia<\/li>\n\n\n\n<li>Protecci\u00f3n de la Informaci\u00f3n<\/li>\n\n\n\n<li>Eficacia<\/li>\n\n\n\n<li>Eficiencia<\/li>\n<\/ul>\n\n\n\n<div class=\"wp-block-columns is-layout-flex wp-container-core-columns-is-layout-9d6595d7 wp-block-columns-is-layout-flex\">\n<div class=\"wp-block-column is-layout-flow wp-block-column-is-layout-flow\">\n<figure class=\"wp-block-image\"><img decoding=\"async\" src=\"https:\/\/www.uif.gob.bo\/wp-content\/uploads\/2022\/11\/Cosecha-cacao-scaled-e1669847683531-1024x920.jpg\" alt=\"\" style=\"aspect-ratio:3\/4;object-fit:cover\"\/><\/figure>\n\n\n\n<p class=\"has-small-font-size\">La lucha contra la LGI, FT y FPADM permite proteger la\u00a0<strong>producci\u00f3n nacional<\/strong>.<\/p>\n<\/div>\n\n\n\n<div class=\"wp-block-column is-layout-flow wp-block-column-is-layout-flow\">\n<figure class=\"wp-block-image is-style-default\"><img decoding=\"async\" src=\"https:\/\/www.uif.gob.bo\/wp-content\/uploads\/2022\/11\/Nina-camba-683x1024.jpg\" alt=\"\" style=\"aspect-ratio:3\/4;object-fit:cover\"\/><\/figure>\n\n\n\n<p class=\"has-small-font-size\">La lucha contra la LGI, FT y FPADM permite\u00a0<strong>proteger a nuestra poblaci\u00f3n de la trata y tr\u00e1fico de personas<\/strong>.<\/p>\n<\/div>\n\n\n\n<div class=\"wp-block-column is-layout-flow wp-block-column-is-layout-flow\">\n<figure class=\"wp-block-image\"><img decoding=\"async\" src=\"https:\/\/www.uif.gob.bo\/wp-content\/uploads\/2022\/11\/vendedor-683x1024.jpg\" alt=\"\" style=\"aspect-ratio:3\/4;object-fit:cover\"\/><\/figure>\n\n\n\n<p class=\"has-small-font-size\">La lucha contra la LGI, FT y FPADM\u00a0<strong>facilita la competencia justa<\/strong>.<\/p>\n<\/div>\n<\/div>\n\n\n\n<p><\/p>\n","protected":false},"excerpt":{"rendered":"<p>Misi\u00f3n Somos una entidad p\u00fablica descentralizada y especializada en la Lucha contra la LGI, FT y FPADM, encargada de\u00a0Prevenir\u00a0y\u00a0Detectar\u00a0a trav\u00e9s de la emisi\u00f3n de normas, an\u00e1lisis estrat\u00e9gico e inteligencia financiera y patrimonial con innovaci\u00f3n tecnol\u00f3gica para\u00a0contribuir, preservar y proteger la estabilidad del sistema econ\u00f3mico, financiero y social del Estado Plurinacional de Bolivia. Visi\u00f3n Al 2025, [&hellip;]<\/p>\n","protected":false},"author":1,"featured_media":0,"parent":0,"menu_order":0,"comment_status":"closed","ping_status":"closed","template":"","meta":{"_acf_changed":false,"footnotes":""},"class_list":["post-309","page","type-page","status-publish","hentry"],"acf":[],"_links":{"self":[{"href":"https:\/\/www.uif.gob.bo\/index.php\/wp-json\/wp\/v2\/pages\/309","targetHints":{"allow":["GET"]}}],"collection":[{"href":"https:\/\/www.uif.gob.bo\/index.php\/wp-json\/wp\/v2\/pages"}],"about":[{"href":"https:\/\/www.uif.gob.bo\/index.php\/wp-json\/wp\/v2\/types\/page"}],"author":[{"embeddable":true,"href":"https:\/\/www.uif.gob.bo\/index.php\/wp-json\/wp\/v2\/users\/1"}],"replies":[{"embeddable":true,"href":"https:\/\/www.uif.gob.bo\/index.php\/wp-json\/wp\/v2\/comments?post=309"}],"version-history":[{"count":23,"href":"https:\/\/www.uif.gob.bo\/index.php\/wp-json\/wp\/v2\/pages\/309\/revisions"}],"predecessor-version":[{"id":19585,"href":"https:\/\/www.uif.gob.bo\/index.php\/wp-json\/wp\/v2\/pages\/309\/revisions\/19585"}],"wp:attachment":[{"href":"https:\/\/www.uif.gob.bo\/index.php\/wp-json\/wp\/v2\/media?parent=309"}],"curies":[{"name":"wp","href":"https:\/\/api.w.org\/{rel}","templated":true}]}}