{"id":321,"date":"2024-04-05T21:30:47","date_gmt":"2024-04-05T19:30:47","guid":{"rendered":"https:\/\/www.uif.gob.bo\/?page_id=321"},"modified":"2025-11-17T16:38:04","modified_gmt":"2025-11-17T20:38:04","slug":"breve-historia-o-resena-sobre-la-creacion-y-evolucion-de-la-entidad","status":"publish","type":"page","link":"https:\/\/www.uif.gob.bo\/index.php\/breve-historia-o-resena-sobre-la-creacion-y-evolucion-de-la-entidad\/","title":{"rendered":"Rese\u00f1a Hist\u00f3rica"},"content":{"rendered":"\n<p><\/p>\n\n\n\n<p>La Unidad de Investigaciones Financieras (UIF) es una entidad descentralizada\u00a0con autonom\u00eda de gesti\u00f3n administrativa, financiera, legal y t\u00e9cnica. Se encuentra bajo tuici\u00f3n del Ministerio de Econom\u00eda y Finanzas P\u00fablicas y es la encargada de normar el r\u00e9gimen de lucha contra la Legitimaci\u00f3n de Ganancias Il\u00edcitas (LGI) y el Financiamiento del Terrorismo (FT).<\/p>\n\n\n\n<p>Asimismo, tiene como tarea investigar casos en los que se presuma delitos de LGI, FT y otros de su competencia, as\u00ed como realizar el an\u00e1lisis, tratamiento y transmisi\u00f3n de informaci\u00f3n para prevenir y detectar los delitos se\u00f1alados.<\/p>\n\n\n\n<p>La UIF fue creada mediante la\u00a0<a href=\"https:\/\/www.uif.gob.bo\/docs\/2.2.%20NACIONAL\/LEYES\/Ley%201768.pdf\" target=\"_blank\" rel=\"noreferrer noopener\">Ley N\u00b0 1768 de 10 de marzo de 1997<\/a>, como una unidad dependiente de la Superintendencia de Bancos y Entidades Financieras. Posteriormente, mediante la\u00a0<a href=\"https:\/\/www.uif.gob.bo\/docs\/2.2.%20NACIONAL\/LEYES\/Ley%20393%20-%20LEY%20DE%20SERVICIOS%20FINANCIEROS.pdf\" target=\"_blank\" rel=\"noreferrer noopener\">Ley N\u00b0 393 de 21 de agosto de 2013<\/a>,\u00a0se determin\u00f3 su descentralizaci\u00f3n.<\/p>\n\n\n\n<p><br><\/p>\n\n\n\n<p><\/p>\n\n\n\n<p class=\"has-medium-font-size\"><\/p>\n\n\n\n<figure class=\"wp-block-gallery has-nested-images columns-default is-cropped wp-block-gallery-1 is-layout-flex wp-block-gallery-is-layout-flex\">\n<figure class=\"wp-block-image size-full\"><img fetchpriority=\"high\" decoding=\"async\" width=\"1832\" height=\"2152\" data-id=\"19583\" src=\"https:\/\/www.uif.gob.bo\/wp-content\/uploads\/2025\/11\/UIF-FACHADA-2.jpg\" alt=\"\" class=\"wp-image-19583\"\/><\/figure>\n<\/figure>\n\n\n\n<p><\/p>\n","protected":false},"excerpt":{"rendered":"<p>La Unidad de Investigaciones Financieras (UIF) es una entidad descentralizada\u00a0con autonom\u00eda de gesti\u00f3n administrativa, financiera, legal y t\u00e9cnica. Se encuentra bajo tuici\u00f3n del Ministerio de Econom\u00eda y Finanzas P\u00fablicas y es la encargada de normar el r\u00e9gimen de lucha contra la Legitimaci\u00f3n de Ganancias Il\u00edcitas (LGI) y el Financiamiento del Terrorismo (FT). Asimismo, tiene como [&hellip;]<\/p>\n","protected":false},"author":1,"featured_media":17865,"parent":0,"menu_order":0,"comment_status":"closed","ping_status":"closed","template":"","meta":{"_acf_changed":false,"footnotes":""},"class_list":["post-321","page","type-page","status-publish","has-post-thumbnail","hentry"],"acf":[],"_links":{"self":[{"href":"https:\/\/www.uif.gob.bo\/index.php\/wp-json\/wp\/v2\/pages\/321","targetHints":{"allow":["GET"]}}],"collection":[{"href":"https:\/\/www.uif.gob.bo\/index.php\/wp-json\/wp\/v2\/pages"}],"about":[{"href":"https:\/\/www.uif.gob.bo\/index.php\/wp-json\/wp\/v2\/types\/page"}],"author":[{"embeddable":true,"href":"https:\/\/www.uif.gob.bo\/index.php\/wp-json\/wp\/v2\/users\/1"}],"replies":[{"embeddable":true,"href":"https:\/\/www.uif.gob.bo\/index.php\/wp-json\/wp\/v2\/comments?post=321"}],"version-history":[{"count":20,"href":"https:\/\/www.uif.gob.bo\/index.php\/wp-json\/wp\/v2\/pages\/321\/revisions"}],"predecessor-version":[{"id":19584,"href":"https:\/\/www.uif.gob.bo\/index.php\/wp-json\/wp\/v2\/pages\/321\/revisions\/19584"}],"wp:featuredmedia":[{"embeddable":true,"href":"https:\/\/www.uif.gob.bo\/index.php\/wp-json\/wp\/v2\/media\/17865"}],"wp:attachment":[{"href":"https:\/\/www.uif.gob.bo\/index.php\/wp-json\/wp\/v2\/media?parent=321"}],"curies":[{"name":"wp","href":"https:\/\/api.w.org\/{rel}","templated":true}]}}